{"id":4179,"date":"2024-06-23T11:41:25","date_gmt":"2024-06-23T11:41:25","guid":{"rendered":"https:\/\/uus.sawmill.ee\/miten-valita-oikea-puumateriaali\/"},"modified":"2024-08-09T14:00:19","modified_gmt":"2024-08-09T14:00:19","slug":"miten-valita-oikea-puumateriaali","status":"publish","type":"page","link":"https:\/\/uus.sawmill.ee\/fi\/miten-valita-oikea-puumateriaali\/","title":{"rendered":"Miten valita oikea puumateriaali?"},"content":{"rendered":"\t\t<div data-elementor-type=\"wp-page\" data-elementor-id=\"4179\" class=\"elementor elementor-4179 elementor-3550\">\n\t\t\t\t\t\t<section class=\"elementor-section elementor-top-section elementor-element elementor-element-7a56113 elementor-reverse-mobile elementor-section-boxed elementor-section-height-default elementor-section-height-default\" data-id=\"7a56113\" data-element_type=\"section\" data-e-type=\"section\" data-settings=\"{&quot;background_background&quot;:&quot;classic&quot;}\">\n\t\t\t\t\t\t\t<div class=\"elementor-background-overlay\"><\/div>\n\t\t\t\t\t\t\t<div class=\"elementor-container elementor-column-gap-default\">\n\t\t\t\t\t<div class=\"elementor-column elementor-col-50 elementor-top-column elementor-element elementor-element-52bf205\" data-id=\"52bf205\" data-element_type=\"column\" data-e-type=\"column\">\n\t\t\t<div class=\"elementor-widget-wrap elementor-element-populated\">\n\t\t\t\t\t\t<div class=\"elementor-element elementor-element-6070c13 elementor-widget elementor-widget-heading\" data-id=\"6070c13\" data-element_type=\"widget\" data-e-type=\"widget\" data-widget_type=\"heading.default\">\n\t\t\t\t<div class=\"elementor-widget-container\">\n\t\t\t\t\t<h2 class=\"elementor-heading-title elementor-size-default\">Miten valita oikea puumateriaali? <\/h2>\t\t\t\t<\/div>\n\t\t\t\t<\/div>\n\t\t\t\t<div class=\"elementor-element elementor-element-ef743fb elementor-widget elementor-widget-heading\" data-id=\"ef743fb\" data-element_type=\"widget\" data-e-type=\"widget\" data-widget_type=\"heading.default\">\n\t\t\t\t<div class=\"elementor-widget-container\">\n\t\t\t\t\t<h5 class=\"elementor-heading-title elementor-size-default\">Valinta monista eri puumateriaaleista voi aluksi tuntua pelottavalta teht\u00e4v\u00e4lt\u00e4. Etenkin jos et ole p\u00e4ivitt\u00e4in tekemisiss\u00e4 rakentamisen kanssa. Itse asiassa siin\u00e4 ei ole mit\u00e4\u00e4n monimutkaista. On vain muutama asia, jotka on hyv\u00e4 tiet\u00e4\u00e4 etuk\u00e4teen.<\/h5>\t\t\t\t<\/div>\n\t\t\t\t<\/div>\n\t\t\t\t<div class=\"elementor-element elementor-element-c57e5a9 elementor-widget elementor-widget-text-editor\" data-id=\"c57e5a9\" data-element_type=\"widget\" data-e-type=\"widget\" data-widget_type=\"text-editor.default\">\n\t\t\t\t<div class=\"elementor-widget-container\">\n\t\t\t\t\t\t\t\t\t<p>Voodrilaud sobib peaaegu k\u00f5ikide nii uute kui ka vanade hoonete siseruumide seinte ja lagede katteks.<\/p>\n<p>Lae katmisel voodrilauaga on t\u00e4htis arvestada akendest ja valgustitest tuleva valgusega \u2013 laua suund tuleks valida valgusallika suunaline.<\/p>\n\t\t\t\t\t\t\t\t<\/div>\n\t\t\t\t<\/div>\n\t\t\t\t<section class=\"elementor-section elementor-inner-section elementor-element elementor-element-f79e19b elementor-section-boxed elementor-section-height-default elementor-section-height-default\" data-id=\"f79e19b\" data-element_type=\"section\" data-e-type=\"section\">\n\t\t\t\t\t\t<div class=\"elementor-container elementor-column-gap-default\">\n\t\t\t\t\t<div class=\"elementor-column elementor-col-100 elementor-inner-column elementor-element elementor-element-dfa3cbd\" data-id=\"dfa3cbd\" data-element_type=\"column\" data-e-type=\"column\">\n\t\t\t<div class=\"elementor-widget-wrap elementor-element-populated\">\n\t\t\t\t\t\t<div class=\"elementor-element elementor-element-a96d950 elementor-widget-divider--view-line elementor-widget elementor-widget-divider\" data-id=\"a96d950\" data-element_type=\"widget\" data-e-type=\"widget\" data-widget_type=\"divider.default\">\n\t\t\t\t<div class=\"elementor-widget-container\">\n\t\t\t\t\t\t\t<div class=\"elementor-divider\">\n\t\t\t<span class=\"elementor-divider-separator\">\n\t\t\t\t\t\t<\/span>\n\t\t<\/div>\n\t\t\t\t\t\t<\/div>\n\t\t\t\t<\/div>\n\t\t\t\t<div class=\"elementor-element elementor-element-3ccc309 elementor-widget__width-initial elementor-vertical-align-top elementor-widget elementor-widget-image-box\" data-id=\"3ccc309\" data-element_type=\"widget\" data-e-type=\"widget\" data-widget_type=\"image-box.default\">\n\t\t\t\t<div class=\"elementor-widget-container\">\n\t\t\t\t\t<div class=\"elementor-image-box-wrapper\"><div class=\"elementor-image-box-content\"><h3 class=\"elementor-image-box-title\">Sisevoodrilauad<\/h3><p class=\"elementor-image-box-description\">Valmistatakse A3 \u2013 A4 ja B klassi puidust. Kasutusk\u00fclg ja tagak\u00fclg on siledaks h\u00f6\u00f6veldatud. Tagak\u00fclgedele tehakse laua pikisuunalised sooned, mille s\u00fcgavus on max \u00bc laua paksusest soone kohal. Sisevoodrilaua niiskusaste tohib olla maksimaalselt 8-10%. Seinakonstruktsioonist s\u00f5ltumatult tuleb vooderduse alla kinnitada aluslatid. Lattide vahed m\u00e4\u00e4rab \u00e4ra voodrilaua paksus \u2013 mida \u00f5hem on voodrilaud, seda tihedamalt peavad asetsema aluslatid. N\u00e4iteks kui voodrilaua paksus on 12 mm, siis lattide vahekaugus tohib olla maksimaalselt 600 mm. Sisevoodrilaua paigaldamisel on soovitav kasutada spetsiaalseid voodrilaua kinnitusklambreid, v\u00e4ltimaks n\u00e4htavaid naelaridasid ja haamril\u00f6\u00f6gi j\u00e4lgesid.       <\/p><\/div><\/div>\t\t\t\t<\/div>\n\t\t\t\t<\/div>\n\t\t\t\t\t<\/div>\n\t\t<\/div>\n\t\t\t\t\t<\/div>\n\t\t<\/section>\n\t\t\t\t\t<\/div>\n\t\t<\/div>\n\t\t\t\t<div class=\"elementor-column elementor-col-50 elementor-top-column elementor-element elementor-element-d2c0d81\" data-id=\"d2c0d81\" data-element_type=\"column\" data-e-type=\"column\" data-settings=\"{&quot;background_background&quot;:&quot;classic&quot;}\">\n\t\t\t<div class=\"elementor-widget-wrap elementor-element-populated\">\n\t\t\t\t\t\t<div class=\"elementor-element elementor-element-6866e94 elementor-widget__width-initial elementor-widget elementor-widget-spacer\" data-id=\"6866e94\" data-element_type=\"widget\" data-e-type=\"widget\" data-widget_type=\"spacer.default\">\n\t\t\t\t<div class=\"elementor-widget-container\">\n\t\t\t\t\t\t\t<div class=\"elementor-spacer\">\n\t\t\t<div class=\"elementor-spacer-inner\"><\/div>\n\t\t<\/div>\n\t\t\t\t\t\t<\/div>\n\t\t\t\t<\/div>\n\t\t\t\t<div class=\"elementor-element elementor-element-aca6720 elementor-widget__width-initial elementor-widget elementor-widget-image\" data-id=\"aca6720\" data-element_type=\"widget\" data-e-type=\"widget\" data-widget_type=\"image.default\">\n\t\t\t\t<div class=\"elementor-widget-container\">\n\t\t\t\t\t\t\t\t\t\t\t\t\t\t\t<img fetchpriority=\"high\" decoding=\"async\" width=\"686\" height=\"1000\" src=\"https:\/\/uus.sawmill.ee\/wp-content\/uploads\/2024\/07\/architecture.jpg\" class=\"attachment-full size-full wp-image-4148\" alt=\"\" srcset=\"https:\/\/uus.sawmill.ee\/wp-content\/uploads\/2024\/07\/architecture.jpg 686w, https:\/\/uus.sawmill.ee\/wp-content\/uploads\/2024\/07\/architecture-206x300.jpg 206w, https:\/\/uus.sawmill.ee\/wp-content\/uploads\/2024\/07\/architecture-600x875.jpg 600w\" sizes=\"(max-width: 686px) 100vw, 686px\" \/>\t\t\t\t\t\t\t\t\t\t\t\t\t\t\t<\/div>\n\t\t\t\t<\/div>\n\t\t\t\t\t<\/div>\n\t\t<\/div>\n\t\t\t\t\t<\/div>\n\t\t<\/section>\n\t\t\t\t<section class=\"elementor-section elementor-top-section elementor-element elementor-element-3295d21 elementor-reverse-mobile elementor-section-boxed elementor-section-height-default elementor-section-height-default\" data-id=\"3295d21\" data-element_type=\"section\" data-e-type=\"section\" data-settings=\"{&quot;background_background&quot;:&quot;classic&quot;}\">\n\t\t\t\t\t\t\t<div class=\"elementor-background-overlay\"><\/div>\n\t\t\t\t\t\t\t<div class=\"elementor-container elementor-column-gap-default\">\n\t\t\t\t\t<div class=\"elementor-column elementor-col-50 elementor-top-column elementor-element elementor-element-ab832a7\" data-id=\"ab832a7\" data-element_type=\"column\" data-e-type=\"column\" data-settings=\"{&quot;background_background&quot;:&quot;classic&quot;}\">\n\t\t\t<div class=\"elementor-widget-wrap elementor-element-populated\">\n\t\t\t\t\t\t<div class=\"elementor-element elementor-element-8748f86 elementor-widget elementor-widget-spacer\" data-id=\"8748f86\" data-element_type=\"widget\" data-e-type=\"widget\" data-widget_type=\"spacer.default\">\n\t\t\t\t<div class=\"elementor-widget-container\">\n\t\t\t\t\t\t\t<div class=\"elementor-spacer\">\n\t\t\t<div class=\"elementor-spacer-inner\"><\/div>\n\t\t<\/div>\n\t\t\t\t\t\t<\/div>\n\t\t\t\t<\/div>\n\t\t\t\t<div class=\"elementor-element elementor-element-5d2936e elementor-widget elementor-widget-image\" data-id=\"5d2936e\" data-element_type=\"widget\" data-e-type=\"widget\" data-widget_type=\"image.default\">\n\t\t\t\t<div class=\"elementor-widget-container\">\n\t\t\t\t\t\t\t\t\t\t\t\t\t\t\t<img fetchpriority=\"high\" decoding=\"async\" width=\"686\" height=\"1000\" src=\"https:\/\/uus.sawmill.ee\/wp-content\/uploads\/2024\/07\/architecture.jpg\" class=\"attachment-full size-full wp-image-4148\" alt=\"\" srcset=\"https:\/\/uus.sawmill.ee\/wp-content\/uploads\/2024\/07\/architecture.jpg 686w, https:\/\/uus.sawmill.ee\/wp-content\/uploads\/2024\/07\/architecture-206x300.jpg 206w, https:\/\/uus.sawmill.ee\/wp-content\/uploads\/2024\/07\/architecture-600x875.jpg 600w\" sizes=\"(max-width: 686px) 100vw, 686px\" \/>\t\t\t\t\t\t\t\t\t\t\t\t\t\t\t<\/div>\n\t\t\t\t<\/div>\n\t\t\t\t\t<\/div>\n\t\t<\/div>\n\t\t\t\t<div class=\"elementor-column elementor-col-50 elementor-top-column elementor-element elementor-element-ad4df5d\" data-id=\"ad4df5d\" data-element_type=\"column\" data-e-type=\"column\">\n\t\t\t<div class=\"elementor-widget-wrap elementor-element-populated\">\n\t\t\t\t\t\t<div class=\"elementor-element elementor-element-c3745cb elementor-widget elementor-widget-heading\" data-id=\"c3745cb\" data-element_type=\"widget\" data-e-type=\"widget\" data-widget_type=\"heading.default\">\n\t\t\t\t<div class=\"elementor-widget-container\">\n\t\t\t\t\t<h2 class=\"elementor-heading-title elementor-size-default\">\n<\/h2>\t\t\t\t<\/div>\n\t\t\t\t<\/div>\n\t\t\t\t<div class=\"elementor-element elementor-element-7ead083 elementor-widget elementor-widget-heading\" data-id=\"7ead083\" data-element_type=\"widget\" data-e-type=\"widget\" data-widget_type=\"heading.default\">\n\t\t\t\t<div class=\"elementor-widget-container\">\n\t\t\t\t\t<h2 class=\"elementor-heading-title elementor-size-default\">Saunamaterjalide valimine.<\/h2>\t\t\t\t<\/div>\n\t\t\t\t<\/div>\n\t\t\t\t<div class=\"elementor-element elementor-element-930debf elementor-widget elementor-widget-heading\" data-id=\"930debf\" data-element_type=\"widget\" data-e-type=\"widget\" data-widget_type=\"heading.default\">\n\t\t\t\t<div class=\"elementor-widget-container\">\n\t\t\t\t\t<h4 class=\"elementor-heading-title elementor-size-default\">Saunamaterjalide valimisel kehtivad kindlad p\u00f5him\u00f5tted, mida tuleks parimate tulemuste saamiseks j\u00e4rgida. .<\/h4>\t\t\t\t<\/div>\n\t\t\t\t<\/div>\n\t\t\t\t<div class=\"elementor-element elementor-element-a25e35e elementor-widget elementor-widget-text-editor\" data-id=\"a25e35e\" data-element_type=\"widget\" data-e-type=\"widget\" data-widget_type=\"text-editor.default\">\n\t\t\t\t<div class=\"elementor-widget-container\">\n\t\t\t\t\t\t\t\t\t<p>T\u00f6\u00f6tlemata puidust sauna voodrilauadade pind tuleb t\u00f6\u00f6delda spetsiaalse puidukaitse immutusvahendiga. Puidukaitsevahendid moodustavad mustust ja vett h\u00fclgava, kuid hingava kihi ning tagavad saunavoodri pikema eluea. Mingil juhul ei tohi kasutada mittehingavaid v\u00f5i m\u00fcrgiseid aure eraldavaid lakke, mis muuhulgas muudavad puitpinnad libedaks ja tuliseks.  <\/p>\n\t\t\t\t\t\t\t\t<\/div>\n\t\t\t\t<\/div>\n\t\t\t\t<section class=\"elementor-section elementor-inner-section elementor-element elementor-element-486ef8f elementor-section-boxed elementor-section-height-default elementor-section-height-default\" data-id=\"486ef8f\" data-element_type=\"section\" data-e-type=\"section\">\n\t\t\t\t\t\t<div class=\"elementor-container elementor-column-gap-default\">\n\t\t\t\t\t<div class=\"elementor-column elementor-col-100 elementor-inner-column elementor-element elementor-element-8c5074c\" data-id=\"8c5074c\" data-element_type=\"column\" data-e-type=\"column\">\n\t\t\t<div class=\"elementor-widget-wrap elementor-element-populated\">\n\t\t\t\t\t\t<div class=\"elementor-element elementor-element-8c4c929 elementor-widget-divider--view-line elementor-widget elementor-widget-divider\" data-id=\"8c4c929\" data-element_type=\"widget\" data-e-type=\"widget\" data-widget_type=\"divider.default\">\n\t\t\t\t<div class=\"elementor-widget-container\">\n\t\t\t\t\t\t\t<div class=\"elementor-divider\">\n\t\t\t<span class=\"elementor-divider-separator\">\n\t\t\t\t\t\t<\/span>\n\t\t<\/div>\n\t\t\t\t\t\t<\/div>\n\t\t\t\t<\/div>\n\t\t\t\t<div class=\"elementor-element elementor-element-1858183 elementor-vertical-align-top elementor-widget elementor-widget-image-box\" data-id=\"1858183\" data-element_type=\"widget\" data-e-type=\"widget\" data-widget_type=\"image-box.default\">\n\t\t\t\t<div class=\"elementor-widget-container\">\n\t\t\t\t\t<div class=\"elementor-image-box-wrapper\"><div class=\"elementor-image-box-content\"><h3 class=\"elementor-image-box-title\">Peamised sauna kattelauad on lepp ja haab. Need ei p\u00f5leta ihu ega erita vaiku. <\/h3><p class=\"elementor-image-box-description\">Pinkide jaoks tuleb alati valida puit, mis ei kuumene \u00fcle ega erita vaiku. Enamikku saunamaterjalidest \u2013 haab, lepp, seeder, pappel jne \u2013 kasutatakse ka pinkide ehitamiseks. Lava on kerise k\u00f5rval sauna p\u00f5hiline element ning selle \u00f5ige planeerimine ja ehitamine on v\u00e4ga oluline. Saunalava saab ehitada mitmel viisil \u2013 pikkade ja l\u00fchikeste lavalaudadega v\u00f5i valmis moodulitena. Nii lavalauad kui \u2013moodulid on olemas Sawmill Of Sadala tootevalikus. Kuiva leili saunas ei tohi olla peale kerise \u00fchtki metalleset. Otstarbekas on kinnitada lavalauad altpoolt kruvidega l\u00e4bi tugiprusside, nii j\u00e4\u00e4b lavalaudise pealispind sile ega ole k\u00f5rvetada saamise ohtu. P\u00f5hit\u00f5de on see, et k\u00f5rgete temperatuuride t\u00f5ttu peavad saunalava ja istepingid olema valmistatud kindlasti lehtpuidust.       <\/p><\/div><\/div>\t\t\t\t<\/div>\n\t\t\t\t<\/div>\n\t\t\t\t\t<\/div>\n\t\t<\/div>\n\t\t\t\t\t<\/div>\n\t\t<\/section>\n\t\t\t\t\t<\/div>\n\t\t<\/div>\n\t\t\t\t\t<\/div>\n\t\t<\/section>\n\t\t\t\t<\/div>\n\t\t","protected":false},"excerpt":{"rendered":"<p>Miten valita oikea puumateriaali? Valinta monista eri puumateriaaleista voi aluksi tuntua pelottavalta teht\u00e4v\u00e4lt\u00e4. Etenkin jos et ole p\u00e4ivitt\u00e4in tekemisiss\u00e4 rakentamisen kanssa. Itse asiassa siin\u00e4 ei ole mit\u00e4\u00e4n monimutkaista. On vain muutama asia, jotka on hyv\u00e4 tiet\u00e4\u00e4 etuk\u00e4teen. Voodrilaud sobib peaaegu k\u00f5ikide nii uute kui ka vanade hoonete siseruumide seinte ja lagede katteks. Lae katmisel voodrilauaga [&hellip;]<\/p>\n","protected":false},"author":1,"featured_media":0,"parent":0,"menu_order":0,"comment_status":"closed","ping_status":"closed","template":"","meta":{"_uag_custom_page_level_css":"","site-sidebar-layout":"no-sidebar","site-content-layout":"page-builder","ast-site-content-layout":"full-width-container","site-content-style":"default","site-sidebar-style":"default","ast-global-header-display":"","ast-banner-title-visibility":"","ast-main-header-display":"","ast-hfb-above-header-display":"","ast-hfb-below-header-display":"","ast-hfb-mobile-header-display":"","site-post-title":"disabled","ast-breadcrumbs-content":"","ast-featured-img":"disabled","footer-sml-layout":"","ast-disable-related-posts":"","theme-transparent-header-meta":"","adv-header-id-meta":"","stick-header-meta":"","header-above-stick-meta":"","header-main-stick-meta":"","header-below-stick-meta":"","astra-migrate-meta-layouts":"default","ast-page-background-enabled":"default","ast-page-background-meta":{"desktop":{"background-color":"","background-image":"","background-repeat":"repeat","background-position":"center center","background-size":"auto","background-attachment":"scroll","background-type":"","background-media":"","overlay-type":"","overlay-color":"","overlay-opacity":"","overlay-gradient":""},"tablet":{"background-color":"","background-image":"","background-repeat":"repeat","background-position":"center center","background-size":"auto","background-attachment":"scroll","background-type":"","background-media":"","overlay-type":"","overlay-color":"","overlay-opacity":"","overlay-gradient":""},"mobile":{"background-color":"","background-image":"","background-repeat":"repeat","background-position":"center center","background-size":"auto","background-attachment":"scroll","background-type":"","background-media":"","overlay-type":"","overlay-color":"","overlay-opacity":"","overlay-gradient":""}},"ast-content-background-meta":{"desktop":{"background-color":"var(--ast-global-color-5)","background-image":"","background-repeat":"repeat","background-position":"center center","background-size":"auto","background-attachment":"scroll","background-type":"","background-media":"","overlay-type":"","overlay-color":"","overlay-opacity":"","overlay-gradient":""},"tablet":{"background-color":"var(--ast-global-color-5)","background-image":"","background-repeat":"repeat","background-position":"center center","background-size":"auto","background-attachment":"scroll","background-type":"","background-media":"","overlay-type":"","overlay-color":"","overlay-opacity":"","overlay-gradient":""},"mobile":{"background-color":"var(--ast-global-color-5)","background-image":"","background-repeat":"repeat","background-position":"center center","background-size":"auto","background-attachment":"scroll","background-type":"","background-media":"","overlay-type":"","overlay-color":"","overlay-opacity":"","overlay-gradient":""}},"footnotes":""},"class_list":["post-4179","page","type-page","status-publish","hentry"],"uagb_featured_image_src":{"full":false,"thumbnail":false,"medium":false,"medium_large":false,"large":false,"1536x1536":false,"2048x2048":false,"woocommerce_thumbnail":false,"woocommerce_single":false,"woocommerce_gallery_thumbnail":false},"uagb_author_info":{"display_name":"admin","author_link":"https:\/\/uus.sawmill.ee\/fi\/author\/admin\/"},"uagb_comment_info":0,"uagb_excerpt":"Miten valita oikea puumateriaali? Valinta monista eri puumateriaaleista voi aluksi tuntua pelottavalta teht\u00e4v\u00e4lt\u00e4. Etenkin jos et ole p\u00e4ivitt\u00e4in tekemisiss\u00e4 rakentamisen kanssa. Itse asiassa siin\u00e4 ei ole mit\u00e4\u00e4n monimutkaista. On vain muutama asia, jotka on hyv\u00e4 tiet\u00e4\u00e4 etuk\u00e4teen. Voodrilaud sobib peaaegu k\u00f5ikide nii uute kui ka vanade hoonete siseruumide seinte ja lagede katteks. Lae katmisel voodrilauaga&hellip;","_links":{"self":[{"href":"https:\/\/uus.sawmill.ee\/fi\/wp-json\/wp\/v2\/pages\/4179","targetHints":{"allow":["GET"]}}],"collection":[{"href":"https:\/\/uus.sawmill.ee\/fi\/wp-json\/wp\/v2\/pages"}],"about":[{"href":"https:\/\/uus.sawmill.ee\/fi\/wp-json\/wp\/v2\/types\/page"}],"author":[{"embeddable":true,"href":"https:\/\/uus.sawmill.ee\/fi\/wp-json\/wp\/v2\/users\/1"}],"replies":[{"embeddable":true,"href":"https:\/\/uus.sawmill.ee\/fi\/wp-json\/wp\/v2\/comments?post=4179"}],"version-history":[{"count":1,"href":"https:\/\/uus.sawmill.ee\/fi\/wp-json\/wp\/v2\/pages\/4179\/revisions"}],"predecessor-version":[{"id":4180,"href":"https:\/\/uus.sawmill.ee\/fi\/wp-json\/wp\/v2\/pages\/4179\/revisions\/4180"}],"wp:attachment":[{"href":"https:\/\/uus.sawmill.ee\/fi\/wp-json\/wp\/v2\/media?parent=4179"}],"curies":[{"name":"wp","href":"https:\/\/api.w.org\/{rel}","templated":true}]}}