{"id":4177,"date":"2024-06-23T11:41:25","date_gmt":"2024-06-23T11:41:25","guid":{"rendered":"https:\/\/uus.sawmill.ee\/how-to-choose-the-right-wood-material\/"},"modified":"2024-12-10T17:31:38","modified_gmt":"2024-12-10T17:31:38","slug":"how-to-choose-the-right-wood-material","status":"publish","type":"page","link":"https:\/\/uus.sawmill.ee\/en\/how-to-choose-the-right-wood-material\/","title":{"rendered":"How to choose the right wood material?"},"content":{"rendered":"\t\t<div data-elementor-type=\"wp-page\" data-elementor-id=\"4177\" class=\"elementor elementor-4177 elementor-3550\">\n\t\t\t\t<div class=\"elementor-element elementor-element-2fcda64 e-con-full e-flex e-con e-parent\" data-id=\"2fcda64\" data-element_type=\"container\" data-e-type=\"container\" data-settings=\"{&quot;background_background&quot;:&quot;classic&quot;}\">\n\t\t\t\t<\/div>\n\t\t\t\t<section class=\"elementor-section elementor-top-section elementor-element elementor-element-7a56113 elementor-reverse-mobile elementor-section-boxed elementor-section-height-default elementor-section-height-default\" data-id=\"7a56113\" data-element_type=\"section\" data-e-type=\"section\" data-settings=\"{&quot;background_background&quot;:&quot;classic&quot;}\">\n\t\t\t\t\t\t\t<div class=\"elementor-background-overlay\"><\/div>\n\t\t\t\t\t\t\t<div class=\"elementor-container elementor-column-gap-default\">\n\t\t\t\t\t<div class=\"elementor-column elementor-col-50 elementor-top-column elementor-element elementor-element-52bf205\" data-id=\"52bf205\" data-element_type=\"column\" data-e-type=\"column\">\n\t\t\t<div class=\"elementor-widget-wrap elementor-element-populated\">\n\t\t\t\t\t\t<div class=\"elementor-element elementor-element-6070c13 elementor-widget elementor-widget-heading\" data-id=\"6070c13\" data-element_type=\"widget\" data-e-type=\"widget\" data-widget_type=\"heading.default\">\n\t\t\t\t<div class=\"elementor-widget-container\">\n\t\t\t\t\t<h2 class=\"elementor-heading-title elementor-size-default\">How to choose the right wood material? <\/h2>\t\t\t\t<\/div>\n\t\t\t\t<\/div>\n\t\t\t\t<div class=\"elementor-element elementor-element-ef743fb elementor-widget elementor-widget-heading\" data-id=\"ef743fb\" data-element_type=\"widget\" data-e-type=\"widget\" data-widget_type=\"heading.default\">\n\t\t\t\t<div class=\"elementor-widget-container\">\n\t\t\t\t\t<h5 class=\"elementor-heading-title elementor-size-default\">Choosing from a wide range of wood materials can seem like a daunting task at first. Especially if you don't have daily contact with construction. In fact, there is nothing complicated about it. There are just a few things to know beforehand.<\/h5>\t\t\t\t<\/div>\n\t\t\t\t<\/div>\n\t\t\t\t<div class=\"elementor-element elementor-element-c57e5a9 elementor-widget elementor-widget-text-editor\" data-id=\"c57e5a9\" data-element_type=\"widget\" data-e-type=\"widget\" data-widget_type=\"text-editor.default\">\n\t\t\t\t<div class=\"elementor-widget-container\">\n\t\t\t\t\t\t\t\t\t<p>Lining board is suitable for covering the interior walls and ceilings of almost all new and old buildings.<\/p>\n<p>When covering the ceiling with a linen table, it is important to take into account the light coming from windows and luminaires &#8211; the direction of the table should be in the direction of the light source.<\/p>\n\t\t\t\t\t\t\t\t<\/div>\n\t\t\t\t<\/div>\n\t\t\t\t<section class=\"elementor-section elementor-inner-section elementor-element elementor-element-f79e19b elementor-section-boxed elementor-section-height-default elementor-section-height-default\" data-id=\"f79e19b\" data-element_type=\"section\" data-e-type=\"section\">\n\t\t\t\t\t\t<div class=\"elementor-container elementor-column-gap-default\">\n\t\t\t\t\t<div class=\"elementor-column elementor-col-100 elementor-inner-column elementor-element elementor-element-dfa3cbd\" data-id=\"dfa3cbd\" data-element_type=\"column\" data-e-type=\"column\">\n\t\t\t<div class=\"elementor-widget-wrap elementor-element-populated\">\n\t\t\t\t\t\t<div class=\"elementor-element elementor-element-a96d950 elementor-widget-divider--view-line elementor-widget elementor-widget-divider\" data-id=\"a96d950\" data-element_type=\"widget\" data-e-type=\"widget\" data-widget_type=\"divider.default\">\n\t\t\t\t<div class=\"elementor-widget-container\">\n\t\t\t\t\t\t\t<div class=\"elementor-divider\">\n\t\t\t<span class=\"elementor-divider-separator\">\n\t\t\t\t\t\t<\/span>\n\t\t<\/div>\n\t\t\t\t\t\t<\/div>\n\t\t\t\t<\/div>\n\t\t\t\t<div class=\"elementor-element elementor-element-3ccc309 elementor-widget__width-initial elementor-vertical-align-top elementor-widget elementor-widget-image-box\" data-id=\"3ccc309\" data-element_type=\"widget\" data-e-type=\"widget\" data-widget_type=\"image-box.default\">\n\t\t\t\t<div class=\"elementor-widget-container\">\n\t\t\t\t\t<div class=\"elementor-image-box-wrapper\"><div class=\"elementor-image-box-content\"><h3 class=\"elementor-image-box-title\">Interior blinds<\/h3><p class=\"elementor-image-box-description\"><b>Made of A3- A4 and B class wood.<\/b> The top and back are planed smooth. The <b>backs are grooved<\/b> <b>longitudinally<\/b> in the table, to a depth of max 1\/4 of the thickness of the table at the groove. The maximum <b>moisture content<\/b> of the inner lining board shall be <b>8-10%<\/b>. Irrespective of the wall construction,<b> battens shall be fixed under the lining<\/b>. The spacing of the battens is determined by the thickness of the lining board- <b>the thinner the lining board, the closer the underlays must be spaced<\/b>. For example, if the thickness of the lining board is 12 mm, the maximum spacing between battens should be 600 mm. When <b>installing the lining board<\/b>, it is <b>advisable use special lining board clamps<\/b> to avoid visible nail marks and hammer marks.   <\/p><\/div><\/div>\t\t\t\t<\/div>\n\t\t\t\t<\/div>\n\t\t\t\t\t<\/div>\n\t\t<\/div>\n\t\t\t\t\t<\/div>\n\t\t<\/section>\n\t\t\t\t\t<\/div>\n\t\t<\/div>\n\t\t\t\t<div class=\"elementor-column elementor-col-50 elementor-top-column elementor-element elementor-element-d2c0d81\" data-id=\"d2c0d81\" data-element_type=\"column\" data-e-type=\"column\" data-settings=\"{&quot;background_background&quot;:&quot;classic&quot;}\">\n\t\t\t<div class=\"elementor-widget-wrap elementor-element-populated\">\n\t\t\t\t\t\t<div class=\"elementor-element elementor-element-6866e94 elementor-widget__width-initial elementor-widget elementor-widget-spacer\" data-id=\"6866e94\" data-element_type=\"widget\" data-e-type=\"widget\" data-widget_type=\"spacer.default\">\n\t\t\t\t<div class=\"elementor-widget-container\">\n\t\t\t\t\t\t\t<div class=\"elementor-spacer\">\n\t\t\t<div class=\"elementor-spacer-inner\"><\/div>\n\t\t<\/div>\n\t\t\t\t\t\t<\/div>\n\t\t\t\t<\/div>\n\t\t\t\t<div class=\"elementor-element elementor-element-aca6720 elementor-widget__width-initial elementor-widget elementor-widget-image\" data-id=\"aca6720\" data-element_type=\"widget\" data-e-type=\"widget\" data-widget_type=\"image.default\">\n\t\t\t\t<div class=\"elementor-widget-container\">\n\t\t\t\t\t\t\t\t\t\t\t\t\t\t\t<img fetchpriority=\"high\" decoding=\"async\" width=\"600\" height=\"971\" src=\"https:\/\/uus.sawmill.ee\/wp-content\/uploads\/2024\/06\/Puitlaudade-virn.jpg\" class=\"attachment-full size-full wp-image-4065\" alt=\"\" srcset=\"https:\/\/uus.sawmill.ee\/wp-content\/uploads\/2024\/06\/Puitlaudade-virn.jpg 600w, https:\/\/uus.sawmill.ee\/wp-content\/uploads\/2024\/06\/Puitlaudade-virn-185x300.jpg 185w\" sizes=\"(max-width: 600px) 100vw, 600px\" \/>\t\t\t\t\t\t\t\t\t\t\t\t\t\t\t<\/div>\n\t\t\t\t<\/div>\n\t\t\t\t\t<\/div>\n\t\t<\/div>\n\t\t\t\t\t<\/div>\n\t\t<\/section>\n\t\t\t\t<section class=\"elementor-section elementor-top-section elementor-element elementor-element-3295d21 elementor-reverse-mobile elementor-section-boxed elementor-section-height-default elementor-section-height-default\" data-id=\"3295d21\" data-element_type=\"section\" data-e-type=\"section\" data-settings=\"{&quot;background_background&quot;:&quot;classic&quot;}\">\n\t\t\t\t\t\t\t<div class=\"elementor-background-overlay\"><\/div>\n\t\t\t\t\t\t\t<div class=\"elementor-container elementor-column-gap-default\">\n\t\t\t\t\t<div class=\"elementor-column elementor-col-50 elementor-top-column elementor-element elementor-element-ab832a7\" data-id=\"ab832a7\" data-element_type=\"column\" data-e-type=\"column\" data-settings=\"{&quot;background_background&quot;:&quot;classic&quot;}\">\n\t\t\t<div class=\"elementor-widget-wrap elementor-element-populated\">\n\t\t\t\t\t\t<div class=\"elementor-element elementor-element-8748f86 elementor-widget elementor-widget-spacer\" data-id=\"8748f86\" data-element_type=\"widget\" data-e-type=\"widget\" data-widget_type=\"spacer.default\">\n\t\t\t\t<div class=\"elementor-widget-container\">\n\t\t\t\t\t\t\t<div class=\"elementor-spacer\">\n\t\t\t<div class=\"elementor-spacer-inner\"><\/div>\n\t\t<\/div>\n\t\t\t\t\t\t<\/div>\n\t\t\t\t<\/div>\n\t\t\t\t<div class=\"elementor-element elementor-element-5d2936e elementor-widget elementor-widget-image\" data-id=\"5d2936e\" data-element_type=\"widget\" data-e-type=\"widget\" data-widget_type=\"image.default\">\n\t\t\t\t<div class=\"elementor-widget-container\">\n\t\t\t\t\t\t\t\t\t\t\t\t\t\t\t<img decoding=\"async\" width=\"686\" height=\"1000\" src=\"https:\/\/uus.sawmill.ee\/wp-content\/uploads\/2024\/07\/architecture.jpg\" class=\"attachment-full size-full wp-image-4147\" alt=\"\" srcset=\"https:\/\/uus.sawmill.ee\/wp-content\/uploads\/2024\/07\/architecture.jpg 686w, https:\/\/uus.sawmill.ee\/wp-content\/uploads\/2024\/07\/architecture-206x300.jpg 206w, https:\/\/uus.sawmill.ee\/wp-content\/uploads\/2024\/07\/architecture-600x875.jpg 600w\" sizes=\"(max-width: 686px) 100vw, 686px\" \/>\t\t\t\t\t\t\t\t\t\t\t\t\t\t\t<\/div>\n\t\t\t\t<\/div>\n\t\t\t\t\t<\/div>\n\t\t<\/div>\n\t\t\t\t<div class=\"elementor-column elementor-col-50 elementor-top-column elementor-element elementor-element-ad4df5d\" data-id=\"ad4df5d\" data-element_type=\"column\" data-e-type=\"column\">\n\t\t\t<div class=\"elementor-widget-wrap elementor-element-populated\">\n\t\t\t\t\t\t<div class=\"elementor-element elementor-element-c3745cb elementor-widget elementor-widget-heading\" data-id=\"c3745cb\" data-element_type=\"widget\" data-e-type=\"widget\" data-widget_type=\"heading.default\">\n\t\t\t\t<div class=\"elementor-widget-container\">\n\t\t\t\t\t<h2 class=\"elementor-heading-title elementor-size-default\">\n<\/h2>\t\t\t\t<\/div>\n\t\t\t\t<\/div>\n\t\t\t\t<div class=\"elementor-element elementor-element-7ead083 elementor-widget elementor-widget-heading\" data-id=\"7ead083\" data-element_type=\"widget\" data-e-type=\"widget\" data-widget_type=\"heading.default\">\n\t\t\t\t<div class=\"elementor-widget-container\">\n\t\t\t\t\t<h2 class=\"elementor-heading-title elementor-size-default\">Selection of sauna materials.<\/h2>\t\t\t\t<\/div>\n\t\t\t\t<\/div>\n\t\t\t\t<div class=\"elementor-element elementor-element-930debf elementor-widget elementor-widget-heading\" data-id=\"930debf\" data-element_type=\"widget\" data-e-type=\"widget\" data-widget_type=\"heading.default\">\n\t\t\t\t<div class=\"elementor-widget-container\">\n\t\t\t\t\t<h4 class=\"elementor-heading-title elementor-size-default\">There are a number of principles that should be followed when choosing sauna materials for the best results. .<\/h4>\t\t\t\t<\/div>\n\t\t\t\t<\/div>\n\t\t\t\t<div class=\"elementor-element elementor-element-a25e35e elementor-widget elementor-widget-text-editor\" data-id=\"a25e35e\" data-element_type=\"widget\" data-e-type=\"widget\" data-widget_type=\"text-editor.default\">\n\t\t\t\t<div class=\"elementor-widget-container\">\n\t\t\t\t\t\t\t\t\t<p>Untreated wood sauna cladding boards <b>must be treated <\/b>with a special wood protection impregnation agent. Wood protection agents create a layer that repels dirt and water while remaining breathable, <b>ensuring a longer lifespan<\/b> for the sauna cladding. Under no circumstances <b>should non-breathable<\/b> or <b>toxic <\/b>fume-releasing <b>varnishes<\/b> be used, as they <b>can make wooden surfaces slippery and flammable.<\/b>  <\/p>\n\t\t\t\t\t\t\t\t<\/div>\n\t\t\t\t<\/div>\n\t\t\t\t<section class=\"elementor-section elementor-inner-section elementor-element elementor-element-486ef8f elementor-section-boxed elementor-section-height-default elementor-section-height-default\" data-id=\"486ef8f\" data-element_type=\"section\" data-e-type=\"section\">\n\t\t\t\t\t\t<div class=\"elementor-container elementor-column-gap-default\">\n\t\t\t\t\t<div class=\"elementor-column elementor-col-100 elementor-inner-column elementor-element elementor-element-8c5074c\" data-id=\"8c5074c\" data-element_type=\"column\" data-e-type=\"column\">\n\t\t\t<div class=\"elementor-widget-wrap elementor-element-populated\">\n\t\t\t\t\t\t<div class=\"elementor-element elementor-element-8c4c929 elementor-widget-divider--view-line elementor-widget elementor-widget-divider\" data-id=\"8c4c929\" data-element_type=\"widget\" data-e-type=\"widget\" data-widget_type=\"divider.default\">\n\t\t\t\t<div class=\"elementor-widget-container\">\n\t\t\t\t\t\t\t<div class=\"elementor-divider\">\n\t\t\t<span class=\"elementor-divider-separator\">\n\t\t\t\t\t\t<\/span>\n\t\t<\/div>\n\t\t\t\t\t\t<\/div>\n\t\t\t\t<\/div>\n\t\t\t\t<div class=\"elementor-element elementor-element-1858183 elementor-vertical-align-top elementor-widget elementor-widget-image-box\" data-id=\"1858183\" data-element_type=\"widget\" data-e-type=\"widget\" data-widget_type=\"image-box.default\">\n\t\t\t\t<div class=\"elementor-widget-container\">\n\t\t\t\t\t<div class=\"elementor-image-box-wrapper\"><div class=\"elementor-image-box-content\"><h3 class=\"elementor-image-box-title\">Alder and aspen are the main roofing materials used in the sauna. They do not burn the body and do not emit resin. <\/h3><p class=\"elementor-image-box-description\"><b>Pinkide jaoks <\/b>tuleb alati valida puit, mis <b>ei kuumene \u00fcle ega erita vaiku<\/b>. E<b>namikku saunamaterjalidest<\/b> \u2013 <i>haab<\/i>, <i>lepp<\/i>, <i>seeder<\/i>, <i>pappel<\/i> jne \u2013 kasutatakse ka <b>pinkide ehitamiseks<\/b>. L<b>ava<\/b> on kerise k\u00f5rval sauna <b>p\u00f5hiline element<\/b> ning selle \u00f5ige planeerimine ja ehitamine on v\u00e4ga oluline. Saunalava saab ehitada mitmel viisil \u2013 p<b>ikkade ja l\u00fchikeste lavalaudadega<\/b> v\u00f5i <b>valmis moodulitena<\/b>. Nii lavalauad kui \u2013moodulid <b>on olemas Sawmill Of Sadala tootevalikus<\/b>. Kuiva leili saunas ei tohi olla peale kerise \u00fchtki metalleset. Otstarbekas on k<b>innitada lavalauad altpoolt kruvidega<\/b> l\u00e4bi tugiprusside, nii j\u00e4\u00e4b lavalaudise pealispind sile ega ole k\u00f5rvetada saamise ohtu.       The bottom line is that due to the high temperatures,<b> the sauna bench<\/b> and <b>seating <\/b>must be made of <b>hardwood<\/b>.<br><br><br><br><br><br><\/p><\/div><\/div>\t\t\t\t<\/div>\n\t\t\t\t<\/div>\n\t\t\t\t\t<\/div>\n\t\t<\/div>\n\t\t\t\t\t<\/div>\n\t\t<\/section>\n\t\t\t\t\t<\/div>\n\t\t<\/div>\n\t\t\t\t\t<\/div>\n\t\t<\/section>\n\t\t\t\t<\/div>\n\t\t","protected":false},"excerpt":{"rendered":"<p>How to choose the right wood material? Choosing from a wide range of wood materials can seem like a daunting task at first. Especially if you don&#8217;t have daily contact with construction. In fact, there is nothing complicated about it. There are just a few things to know beforehand. Lining board is suitable for covering [&hellip;]<\/p>\n","protected":false},"author":1,"featured_media":0,"parent":0,"menu_order":0,"comment_status":"closed","ping_status":"closed","template":"","meta":{"_uag_custom_page_level_css":"","site-sidebar-layout":"no-sidebar","site-content-layout":"page-builder","ast-site-content-layout":"full-width-container","site-content-style":"default","site-sidebar-style":"default","ast-global-header-display":"","ast-banner-title-visibility":"","ast-main-header-display":"","ast-hfb-above-header-display":"","ast-hfb-below-header-display":"","ast-hfb-mobile-header-display":"","site-post-title":"disabled","ast-breadcrumbs-content":"","ast-featured-img":"disabled","footer-sml-layout":"","ast-disable-related-posts":"","theme-transparent-header-meta":"","adv-header-id-meta":"","stick-header-meta":"","header-above-stick-meta":"","header-main-stick-meta":"","header-below-stick-meta":"","astra-migrate-meta-layouts":"default","ast-page-background-enabled":"default","ast-page-background-meta":{"desktop":{"background-color":"","background-image":"","background-repeat":"repeat","background-position":"center center","background-size":"auto","background-attachment":"scroll","background-type":"","background-media":"","overlay-type":"","overlay-color":"","overlay-opacity":"","overlay-gradient":""},"tablet":{"background-color":"","background-image":"","background-repeat":"repeat","background-position":"center center","background-size":"auto","background-attachment":"scroll","background-type":"","background-media":"","overlay-type":"","overlay-color":"","overlay-opacity":"","overlay-gradient":""},"mobile":{"background-color":"","background-image":"","background-repeat":"repeat","background-position":"center center","background-size":"auto","background-attachment":"scroll","background-type":"","background-media":"","overlay-type":"","overlay-color":"","overlay-opacity":"","overlay-gradient":""}},"ast-content-background-meta":{"desktop":{"background-color":"var(--ast-global-color-5)","background-image":"","background-repeat":"repeat","background-position":"center center","background-size":"auto","background-attachment":"scroll","background-type":"","background-media":"","overlay-type":"","overlay-color":"","overlay-opacity":"","overlay-gradient":""},"tablet":{"background-color":"var(--ast-global-color-5)","background-image":"","background-repeat":"repeat","background-position":"center center","background-size":"auto","background-attachment":"scroll","background-type":"","background-media":"","overlay-type":"","overlay-color":"","overlay-opacity":"","overlay-gradient":""},"mobile":{"background-color":"var(--ast-global-color-5)","background-image":"","background-repeat":"repeat","background-position":"center center","background-size":"auto","background-attachment":"scroll","background-type":"","background-media":"","overlay-type":"","overlay-color":"","overlay-opacity":"","overlay-gradient":""}},"footnotes":""},"class_list":["post-4177","page","type-page","status-publish","hentry"],"uagb_featured_image_src":{"full":false,"thumbnail":false,"medium":false,"medium_large":false,"large":false,"1536x1536":false,"2048x2048":false,"woocommerce_thumbnail":false,"woocommerce_single":false,"woocommerce_gallery_thumbnail":false},"uagb_author_info":{"display_name":"admin","author_link":"https:\/\/uus.sawmill.ee\/en\/author\/admin\/"},"uagb_comment_info":0,"uagb_excerpt":"How to choose the right wood material? Choosing from a wide range of wood materials can seem like a daunting task at first. Especially if you don&#8217;t have daily contact with construction. In fact, there is nothing complicated about it. There are just a few things to know beforehand. Lining board is suitable for covering&hellip;","_links":{"self":[{"href":"https:\/\/uus.sawmill.ee\/en\/wp-json\/wp\/v2\/pages\/4177","targetHints":{"allow":["GET"]}}],"collection":[{"href":"https:\/\/uus.sawmill.ee\/en\/wp-json\/wp\/v2\/pages"}],"about":[{"href":"https:\/\/uus.sawmill.ee\/en\/wp-json\/wp\/v2\/types\/page"}],"author":[{"embeddable":true,"href":"https:\/\/uus.sawmill.ee\/en\/wp-json\/wp\/v2\/users\/1"}],"replies":[{"embeddable":true,"href":"https:\/\/uus.sawmill.ee\/en\/wp-json\/wp\/v2\/comments?post=4177"}],"version-history":[{"count":5,"href":"https:\/\/uus.sawmill.ee\/en\/wp-json\/wp\/v2\/pages\/4177\/revisions"}],"predecessor-version":[{"id":4490,"href":"https:\/\/uus.sawmill.ee\/en\/wp-json\/wp\/v2\/pages\/4177\/revisions\/4490"}],"wp:attachment":[{"href":"https:\/\/uus.sawmill.ee\/en\/wp-json\/wp\/v2\/media?parent=4177"}],"curies":[{"name":"wp","href":"https:\/\/api.w.org\/{rel}","templated":true}]}}